{"id":252,"date":"2013-02-12T21:30:21","date_gmt":"2013-02-12T21:30:21","guid":{"rendered":"http:\/\/www.pivopraha.cz\/?page_id=252"},"modified":"2021-01-19T09:44:52","modified_gmt":"2021-01-19T09:44:52","slug":"kontakty","status":"publish","type":"page","link":"https:\/\/www.pivopraha.cz\/ru\/kontakty\/","title":{"rendered":"\u041a\u043e\u043d\u0442\u0430\u043a\u0442\u044b"},"content":{"rendered":"<h3>K\u043e\u043d\u0442\u0430\u043a\u0442:<\/h3>\n<p><b>\u041f\u0418\u0412\u041e \u041f\u0440\u0430\u0433\u0430, OOO.<br><\/b>Mark\u00e9tsk\u00e1 1<br>169 00 Praha 6 &#8212; B\u0159evnov<br>\u0427\u0435\u0448\u0441\u043a\u0430\u044f \u0420\u0435\u0441\u043f\u0443\u0431\u043b\u0438\u043a\u0430<\/p>\n<p>\u0442\u0435\u043b. +420 602 885 660<br>\u0442\u0435\u043b. +420 723 025 172<br>\u042d-\u043c\u0430\u0438\u043b: <a href=\"mailto:pivo@pivopraha.cz\">pivo@pivopraha.cz<\/a><\/p>\n\n\n<iframe loading=\"lazy\" src=\"https:\/\/www.google.com\/maps\/embed?pb=!1m18!1m12!1m3!1d2560.1343687572785!2d14.354570915718138!3d50.08377107942643!2m3!1f0!2f0!3f0!3m2!1i1024!2i768!4f13.1!3m3!1m2!1s0x470b9570b4476c43%3A0xabf5d660a6fbbee2!2zTWFya8OpdHNrw6EgMS8yOCwgMTY5IDAwIFByYWhhIDYtQsWZZXZub3Y!5e0!3m2!1sru!2scz!4v1611049224424!5m2!1sru!2scz\" width=\"420\" height=\"350\" frameborder=\"0\" style=\"border:0;\" allowfullscreen=\"\" aria-hidden=\"false\" tabindex=\"0\"><\/iframe>\n","protected":false},"excerpt":{"rendered":"<p>K\u043e\u043d\u0442\u0430\u043a\u0442: \u041f\u0418\u0412\u041e \u041f\u0440\u0430\u0433\u0430, OOO.Mark\u00e9tsk\u00e1 1169 00 Praha 6 &#8212; B\u0159evnov\u0427\u0435\u0448\u0441\u043a\u0430\u044f \u0420\u0435\u0441\u043f\u0443\u0431\u043b\u0438\u043a\u0430 \u0442\u0435\u043b. +420 602 885 660\u0442\u0435\u043b. +420 723 025 172\u042d-\u043c\u0430\u0438\u043b: pivo@pivopraha.cz<\/p>\n","protected":false},"author":1,"featured_media":0,"parent":0,"menu_order":7,"comment_status":"closed","ping_status":"closed","template":"","meta":{"ngg_post_thumbnail":0,"footnotes":""},"class_list":["post-252","page","type-page","status-publish","hentry"],"_links":{"self":[{"href":"https:\/\/www.pivopraha.cz\/ru\/wp-json\/wp\/v2\/pages\/252","targetHints":{"allow":["GET"]}}],"collection":[{"href":"https:\/\/www.pivopraha.cz\/ru\/wp-json\/wp\/v2\/pages"}],"about":[{"href":"https:\/\/www.pivopraha.cz\/ru\/wp-json\/wp\/v2\/types\/page"}],"author":[{"embeddable":true,"href":"https:\/\/www.pivopraha.cz\/ru\/wp-json\/wp\/v2\/users\/1"}],"replies":[{"embeddable":true,"href":"https:\/\/www.pivopraha.cz\/ru\/wp-json\/wp\/v2\/comments?post=252"}],"version-history":[{"count":5,"href":"https:\/\/www.pivopraha.cz\/ru\/wp-json\/wp\/v2\/pages\/252\/revisions"}],"predecessor-version":[{"id":559,"href":"https:\/\/www.pivopraha.cz\/ru\/wp-json\/wp\/v2\/pages\/252\/revisions\/559"}],"wp:attachment":[{"href":"https:\/\/www.pivopraha.cz\/ru\/wp-json\/wp\/v2\/media?parent=252"}],"curies":[{"name":"wp","href":"https:\/\/api.w.org\/{rel}","templated":true}]}}