{"id":243,"date":"2013-02-12T21:23:32","date_gmt":"2013-02-12T21:23:32","guid":{"rendered":"http:\/\/www.pivopraha.cz\/?page_id=243"},"modified":"2014-01-21T14:52:14","modified_gmt":"2014-01-21T14:52:14","slug":"ssylka","status":"publish","type":"page","link":"https:\/\/www.pivopraha.cz\/ru\/ssylka\/","title":{"rendered":"C\u0441\u044b\u043b\u043a\u0430"},"content":{"rendered":"<h2>Engineering<\/h2>\n<table class=\"datatable\">\n<tr>\n<th class=\"t5\">No.<\/th>\n<th class=\"t25\">Client<\/th>\n<th class=\"t20\">Country<\/th>\n<th class=\"t50\">Activities<\/th>\n<\/tr>\n<tr>\n<td>1.<\/td>\n<td>Pilsner Urquell     (SABMiller)<\/td>\n<td>Czech Republic <\/td>\n<td>Cooperation since 1994<\/p>\n<ul>\n<li>Technical  report of breweries Saransk, Kharkov (Russia)<\/li>\n<li>Technical    report of brewery Huaersen, Lang fu (China)<\/li>\n<li>Wheat    beer -technological design, start of production<\/li>\n<li>Cooperation    with Arthur Andersen on project Business Process Reengineering <\/li>\n<li>Cooperation    with AJL on strategic development plan<\/li>\n<li>Brewery    Ragutis Lithuania &#8212; Brewhouse, CCT,  technical design, start of production,    training of staff<\/li>\n<\/ul>\n<\/td>\n<\/tr>\n<tr>\n<td>2.<\/td>\n<td>Brewery Starobrno<br \/>\n      (Heineken)<\/td>\n<td>Czech Republic <\/td>\n<td>CCT &#8212; consultation of technical design , start of    production<\/td>\n<\/tr>\n<tr>\n<td>3.<\/td>\n<td>Brewery Eggenberg   <\/td>\n<td>Czech Republic        <\/td>\n<td>Cooperation since 1992<\/p>\n<ul>\n<li>Technical    report, strategic development plan<\/li>\n<li>CCT,    yeast propagation, yeast management &#8212;     technical design, supervision, start of production<\/li>\n<li>Brewhouse    &#8212; technical design, supervision, start of production<\/li>\n<\/ul>\n<\/td>\n<\/tr>\n<tr>\n<td>4.<\/td>\n<td>Brewery Bernard<\/td>\n<td>Czech      republic <\/td>\n<td>Cooperation since 1992<\/p>\n<ul>\n<li>Technical    report, strategic development plan <\/li>\n<li>Brewhouse    &#8212; technical design, supervision, start of production<\/li>\n<li>CCT    &#8212; technical design, supervision, start of production<\/li>\n<li>BBT    &#8212; technical design, supervision, start of production<\/li>\n<li>Flavoured    beer &#8212; design of recipe, start of production<\/li>\n<\/ul>\n<\/td>\n<\/tr>\n<tr>\n<td>5.<\/td>\n<td>Brewery \u010cern\u00e1 Hora<\/td>\n<td>Czech      republic <\/td>\n<td>Cooperation since 2000<\/p>\n<ul>\n<li>Brewhouse    &#8212; technical design, supervision, start of production<\/li>\n<li>Non    alcoholic beer &#8212; design of recipe, technical design of evaporator line, start    of production<\/li>\n<li>Flavoured    beer &#8212; design of recipe, start of production<\/li>\n<\/ul>\n<\/td>\n<\/tr>\n<tr>\n<td>6. <\/td>\n<td>Brewery Strakonice<\/td>\n<td>Czech Republic <\/td>\n<td>Cooperation since 1997<\/p>\n<ul>\n<li>Brewhouse    &#8212; technical design, supervision, start of production<\/li>\n<li>BBT    &#8212; technical design, supervision, start of production<\/li>\n<li>CIP    &#8212; technical design, start of production, training of staff<\/li>\n<li>MMS    ultrafiltration Handtmann &#8212; technical design, start of production, training    of staff<\/li>\n<\/ul>\n<\/td>\n<\/tr>\n<tr>\n<td>7.<\/td>\n<td>Brewery N\u00e1chod<\/td>\n<td>Czech Republic <\/td>\n<td>Cooperation since 1998<\/p>\n<ul>\n<li>Yeast    propagation, yeast management &#8212;     technical design, supervision, start of production<\/li>\n<li>BBT    &#8212; technical design, supervision, start of production<\/li>\n<li>CIP    &#8212; technical design, start of production, training of staff<\/li>\n<li>MMS    ultrafiltration Handtmann &#8212; technical design, start of production, training    of staff<\/li>\n<li>Wheat    beer, Ale &#8212; design of recipe, start of production<\/li>\n<\/ul>\n<\/td>\n<\/tr>\n<tr>\n<td>8.<\/td>\n<td>SEKOS<br \/>\n      Machine works<\/td>\n<td>Czech Republic <\/td>\n<td>\n<ul>\n<li>Technical    design of equipment for yeast propagation and yeast management<\/li>\n<\/ul>\n<\/td>\n<\/tr>\n<tr>\n<td>9.<\/td>\n<td>Brewery Jaro\u0161ov<\/td>\n<td>Czech Republic <\/td>\n<td>\n<ul>\n<li>Beer    with low content of  alcohol &#8212; design    of recipe, start of production <\/li>\n<\/ul>\n<\/td>\n<\/tr>\n<tr>\n<td>10.<\/td>\n<td>Pacovsk\u00e9 stroj\u00edrny<br \/>\n      Machine works<\/td>\n<td>Czech Republic <\/td>\n<td>\n<ul>\n<li>Technical    design of brewhouse for mini- rewery<\/li>\n<\/ul>\n<\/td>\n<\/tr>\n<tr>\n<td>11.<\/td>\n<td>Brewery Vratislavice<\/td>\n<td>Czech Republic <\/td>\n<td>Technical report, strategic development plan<\/td>\n<\/tr>\n<tr>\n<td>12.<\/td>\n<td>Brewery VIVO<\/td>\n<td>South      Africa <\/td>\n<td>\n<ul>\n<li>Technical    consultation in time of start of production<\/li>\n<li>Start    of licensing Czech type  beer    production<\/li>\n<\/ul>\n<\/td>\n<\/tr>\n<tr>\n<td>13.<\/td>\n<td>Brewery Regent<\/td>\n<td>Czech Republic <\/td>\n<td>\n<ul>\n<li>CCT    &#8212; consultation of technical design, start of production<\/li>\n<\/ul>\n<\/td>\n<\/tr>\n<tr>\n<td>14.<\/td>\n<td>Brewery <br \/>\n      Nizhny Novgorod <\/td>\n<td>Russia <\/td>\n<td>\n<ul>\n<li>Technical    report, strategic development plan<\/li>\n<\/ul>\n<\/td>\n<\/tr>\n<tr>\n<td>15.<\/td>\n<td>TASSOR<br \/>\n      Brewery  <\/td>\n<td>Benin <\/td>\n<td>\n<ul>\n<li>Technical    report, strategic development plan<\/li>\n<\/ul>\n<\/td>\n<\/tr>\n<tr>\n<td>16.<\/td>\n<td>\n<h6>Sazka Arena Prague <\/h6>\n<\/td>\n<td>Czech Republic <\/td>\n<td>\n<ul>\n<li>Technical    design, supervision, start of production of     new beer taping system <\/li>\n<\/ul>\n<\/td>\n<\/tr>\n<tr>\n<td>17.<\/td>\n<td>\n<h6>Drinks Union <\/h6>\n<\/td>\n<td>Czech Republic <\/td>\n<td>\n<ul>\n<li>Start    of production licenced beer of Zlatopramen EFES Brewery, Moscow<\/li>\n<\/ul>\n<\/td>\n<\/tr>\n<tr>\n<td>18<\/td>\n<td>Brewery<br \/>\n      Pilsner Urquell<br \/>\n      Staropramen<br \/>\n      Regent   <br \/>\n      N\u00e1chod<br \/>\n      Eggenberg<br \/>\n      Velk\u00e9    Popovice<br \/>\n      Starobrno<br \/>\n      Radegast<\/td>\n<td>Czech Republic        <\/td>\n<td>\n<h6>Optimalization of filtration process<\/h6>\n<\/td>\n<\/tr>\n<tr>\n<td>19<\/td>\n<td>Brewery<br \/>\n      Yekaterinburg<br \/>\n      Ivanovo<br \/>\n      Kursk<br \/>\n      Povolzhie<br \/>\n      Obolon<br \/>\n      Doneck<br \/>\n      Dnepropetrovsk <br \/>\n      Kharkov <\/td>\n<td>Rusia<\/td>\n<td>\n<h6>Optimalization of filtration process<\/h6>\n<\/td>\n<\/tr>\n<tr>\n<td>20.<\/td>\n<td>\n<h6>Brewery Kemerovo <\/h6>\n<\/td>\n<td>Russia <\/td>\n<td>\n<ul>\n<li>Technical    report, strategic development plan<\/li>\n<li>Brewhouse    &#8212; technical design, supervision, training of staff<\/li>\n<\/ul>\n<\/td>\n<\/tr>\n<tr>\n<td>21.<\/td>\n<td>Brewery Slavyanka<\/td>\n<td>Russia <\/td>\n<td>\n<ul>\n<li>Technical    report, strategic development plan<\/li>\n<li>Brewhouse    &#8212; technical design, supervision, training of staff<\/li>\n<li>CCT,    yeast management &#8212; technical design, supervision, start of production,    training of staff <\/li>\n<\/ul>\n<\/td>\n<\/tr>\n<tr>\n<td>22.<\/td>\n<td>Brewery Bratsk <\/td>\n<td>Russia <\/td>\n<td>\n<ul>\n<li>Brewhouse    &#8212; consultation of technical design, start of production, training of staff <\/li>\n<\/ul>\n<\/td>\n<\/tr>\n<tr>\n<td>23.<\/td>\n<td>Brewery Korca<\/td>\n<td>Albania <\/td>\n<td>\n<ul>\n<li>Technical    report, strategic development plan<\/li>\n<\/ul>\n<\/td>\n<\/tr>\n<tr>\n<td>24.<\/td>\n<td>Brewery BIP<\/td>\n<td>Serbia <\/td>\n<td>\n<ul>\n<li>Technical    report, strategic development plan<\/li>\n<\/ul>\n<\/td>\n<\/tr>\n<tr>\n<td>25. <\/td>\n<td>Brewery Bihac<\/td>\n<td>Bosnia <\/td>\n<td>\n<ul>\n<li>Brewhouse    &#8212; technical design, supervision, start of production<\/li>\n<li>CCT    &#8212; technical design<\/li>\n<\/ul>\n<\/td>\n<\/tr>\n<tr>\n<td>26.<\/td>\n<td>Brewery Raupchon<\/td>\n<td>Uzbekistan<\/td>\n<td>\n<ul>\n<li>Brewhouse    &#8212; technical design, supervision, start of production<\/li>\n<li>CCT &#8212; pipe lines technical design <\/li>\n<\/ul>\n<\/td>\n<\/tr>\n<tr>\n<td>27.<\/td>\n<td>Brewery Barnaul <\/td>\n<td>Russia <\/td>\n<td>\n<ul>\n<li>Technical    report<\/li>\n<\/ul>\n<\/td>\n<\/tr>\n<tr>\n<td>28.<\/td>\n<td>Brewery Bedele<\/td>\n<td>Ethiopia <\/td>\n<td>\n<ul>\n<li>Consulting    services for new CCT installment<\/li>\n<\/ul>\n<\/td>\n<\/tr>\n<\/table>\n<h2>Minibrewery<\/h2>\n<table class=\"datatable\">\n<tr>\n<th class=\"t5\">No.<\/th>\n<th class=\"t25\">Minibrewery<\/th>\n<th class=\"t20\">Country<\/th>\n<th class=\"t50\">Activities<\/th>\n<\/tr>\n<tr>\n<td>1<\/td>\n<td>K\u00e1cov<\/td>\n<td>Czech Republic <\/td>\n<td>10 000 hl\/year<br \/>\n      Technical design, supervision, start of production<\/td>\n<\/tr>\n<tr>\n<td>2<\/td>\n<td>Pr\u016fhonice<\/td>\n<td>Czech Republic <\/td>\n<td>1 000 hl\/year<br \/>\n      Technical design, supervision, start of production<\/td>\n<\/tr>\n<tr>\n<td>3<\/td>\n<td>Slu\u0161ovice<\/td>\n<td>Czech Republic <\/td>\n<td>10 000 hl\/year<br \/>\n      Technical design, supervision, start of production<\/td>\n<\/tr>\n<tr>\n<td>4<\/td>\n<td>Kirishima Highland Brewery<\/td>\n<td>Japan <\/td>\n<td>5 000 hl\/year<br \/>\n      Technical design<\/td>\n<\/tr>\n<tr>\n<td>5<\/td>\n<td>Kusatsu<\/td>\n<td>Japan<\/td>\n<td>2 000 hl\/year<br \/>\n      Technical design, supervision, start of production<\/td>\n<\/tr>\n<tr>\n<td>6<\/td>\n<td>Hamamatsu <\/td>\n<td>Japan <\/td>\n<td>2 000 hl\/year<br \/>\n      Technical design, supervision, start of production<\/td>\n<\/tr>\n<tr>\n<td>7<\/td>\n<td>Maebaru<\/td>\n<td>Japan <\/td>\n<td>2 000 hl\/year<br \/>\n      Technical design,     start of production<\/td>\n<\/tr>\n<tr>\n<td>8<\/td>\n<td>Pilsner Urquell<\/td>\n<td>Czech Republic <\/td>\n<td>200 hl\/year<br \/>\n      Turn-key delivery of equipment, technical design,    supervision, start of production<\/td>\n<\/tr>\n<tr>\n<td>9<\/td>\n<td>Dra\u017e\u00ed\u010d<\/td>\n<td>Czech Republic <\/td>\n<td>1 500 hl\/year<br \/>\n      Technical design, supervision, start of production<\/td>\n<\/tr>\n<tr>\n<td>10<\/td>\n<td>Praha<\/td>\n<td>Czech Republic <\/td>\n<td>1 500 hl\/year<br \/>\n      Technical design, supervision, start of production<\/td>\n<\/tr>\n<tr>\n<td>11<\/td>\n<td>Praha<\/td>\n<td>Czech Republic <\/td>\n<td>1 500 hl\/year<br \/>\n      Technical design, supervision, start of production<\/td>\n<\/tr>\n<tr>\n<td>12<\/td>\n<td>Kirishima Highland Brewery<\/td>\n<td>Japan <\/td>\n<td>200 hl\/year<br \/>\n      Technical design, turn-key delivery of equipment<\/td>\n<\/tr>\n<tr>\n<td>13<\/td>\n<td>Revda brewery<\/td>\n<td>Rusia<\/td>\n<td>6 000 hl\/year<br \/>\n      Start of czech beer     production, training of staff<\/td>\n<\/tr>\n<tr>\n<td>14<\/td>\n<td>Brasserie DeLaTour, Lutry, Lausanne <\/td>\n<td>Switzerland <\/td>\n<td>200 hl\/year<br \/>\n      Start of czech beer production, training of staff<\/td>\n<\/tr>\n<tr>\n<td>15<\/td>\n<td>Libochovice<\/td>\n<td>Czech Republic <\/td>\n<td>250 hl\/year<br \/>\n      Technical design<\/td>\n<\/tr>\n<tr>\n<td>16<\/td>\n<td>Tosa Kuroshio Brewery<\/td>\n<td>Japan <\/td>\n<td>1 500 hl\/year<br \/>\n      Technical design, delivery part of equipment<\/td>\n<\/tr>\n<tr>\n<td>17<\/td>\n<td>Manila Brewery<\/td>\n<td>Philipines<\/td>\n<td>500 hl\/year<br \/>\n      Technical design, supervision, start of czech beer    production, training of staff<\/td>\n<\/tr>\n<tr>\n<td>18<\/td>\n<td>Ho Chi Minh Brewery<\/td>\n<td>Vietnam <\/td>\n<td>3 000 hl\/year<br \/>\n      Technical design, supervision, start of czech beer    production, training of staff<\/td>\n<\/tr>\n<tr>\n<td>19<\/td>\n<td>U Medvidku<\/td>\n<td>Czech Republic <\/td>\n<td>400 hl\/year<br \/>\n      Technical design, turn-key delivery of equipment<\/td>\n<\/tr>\n<tr>\n<td>20<\/td>\n<td>Detenice<\/td>\n<td>Czech Republic <\/td>\n<td>1000 hl\/year<br \/>\n      Technical design, turn-key delivery of equipment<\/td>\n<\/tr>\n<tr>\n<td>21<\/td>\n<td>Stramberk<\/td>\n<td>Czech Republic <\/td>\n<td>400 hl\/year<br \/>\n      Technical design, turn-key delivery of equipment<\/td>\n<\/tr>\n<tr>\n<td>22<\/td>\n<td>Ostrava <\/td>\n<td>Czech Republic <\/td>\n<td>1 300 hl\/year<br \/>\n      Technical design, turn-key delivery of equipment<\/td>\n<\/tr>\n<tr>\n<td>23<\/td>\n<td>Hoavien Hanoi<\/td>\n<td>Vietnam <\/td>\n<td>3&nbsp;500 hl\/year<br \/>\n      Technical design, supervision<\/td>\n<\/tr>\n<tr>\n<td>24.<\/td>\n<td>Pivovarsk\u00fd dv\u016fr<br \/>\n      Plze\u0148 \u010cernice<\/td>\n<td> Czech Republic <\/td>\n<td>2 000 hl \/ year <br \/>\n      Technical design  <\/td>\n<\/tr>\n<tr>\n<td>25.<\/td>\n<td>Pivovar \u010cern\u00e1 Hora<\/td>\n<td>Czech Republic <\/td>\n<td>100 hl \/ year<br \/>\n      Technical design, turn-key delivery of equipment<\/td>\n<\/tr>\n<tr>\n<td>26.<\/td>\n<td>Letohr\u00e1dek<br \/>\n      Fr\u00fddlant nad Ostr.<\/td>\n<td>Czech Republic <\/td>\n<td>100 hl \/ year<br \/>\n      Technical design, turn-key delivery of equipment<\/td>\n<\/tr>\n<tr>\n<td>27.<\/td>\n<td>Panstv\u00ed Lautensack<br \/>\n      Plze\u0148<\/td>\n<td>Czech Republic <\/td>\n<td>800 hl \/ year<br \/>\n      Technical design, turn-key delivery of equipment<\/td>\n<\/tr>\n<tr>\n<td>28.<\/td>\n<td>Hoavien Phan Thiet<\/td>\n<td>Vietnam <\/td>\n<td>8 000 hl\/year  <br \/>\n      Technical design, part delivery of equipment,    supervision<\/td>\n<\/tr>\n<tr>\n<td>29.<\/td>\n<td>Kozlovice<\/td>\n<td>Czech Republic <\/td>\n<td>1 000 hl \/ year<br \/>\n      Technical design, turn-key delivery of equipment<\/td>\n<\/tr>\n<tr>\n<td>30.<\/td>\n<td>Vimperk<\/td>\n<td>Czech Republic <\/td>\n<td>300 hl \/ year<br \/>\n      Technical design, turn-key delivery of equipment<\/td>\n<\/tr>\n<tr>\n<td>31<\/td>\n<td>Chemical university in Prague<\/td>\n<td>Czech Republic <\/td>\n<td>Research brewery with brewhouse 110 l<br \/>\n      Technical design, turn-key delivery of equipment<\/td>\n<\/tr>\n<tr>\n<td>32<\/td>\n<td>Litovel<\/td>\n<td>Czech      Republic <\/td>\n<td>Research brewery with brewhouse 110 l<br \/>\n      Technical design, turn-key delivery of equipment<\/td>\n<\/tr>\n<tr>\n<td>33<\/td>\n<td>Zichovec<\/td>\n<td>Czech Republic <\/td>\n<td>Minibrewery 1500 hl\/year, Technical design, part    delivery, supervision, start of production<\/td>\n<\/tr>\n<tr>\n<td>34<\/td>\n<td>Vrchlab\u00ed<\/td>\n<td>Czech Republic <\/td>\n<td>Minibrewery 3000 hl\/year, technical design,    supervision, start of production<\/td>\n<\/tr>\n<tr>\n<td>35<\/td>\n<td>Nove Dvory<\/td>\n<td>Czech Republic <\/td>\n<td>Minibrewery 800 hl\/year, turn key delivery<\/td>\n<\/tr>\n<tr>\n<td>36<\/td>\n<td>Zadni Treban<\/td>\n<td>Czech Republic <\/td>\n<td>Minibrewery 500 hl\/year, turn key delivery<\/td>\n<\/tr>\n<tr>\n<td>37<\/td>\n<td>Svachova Lhotka<\/td>\n<td>Czech Republic <\/td>\n<td>Minibrewery 1 500 hl\/year,<br \/>\nturn key delivery<\/td>\n<\/tr>\n<tr>\n<td>38<\/td>\n<td>Volary<\/td>\n<td>Czech Republic <\/td>\n<td>Minibrewery 400 hl\/year, turn key delivery<\/td>\n<\/tr>\n<tr>\n<td>39<\/td>\n<td>Prague<\/td>\n<td>Czech Republic <\/td>\n<td>4 000 hl\/year, turn key delivery<\/td>\n<\/tr>\n<\/table>\n","protected":false},"excerpt":{"rendered":"<p>Engineering No. Client Country Activities 1. Pilsner Urquell (SABMiller) Czech Republic Cooperation since 1994 Technical report of breweries Saransk, Kharkov (Russia) Technical report of brewery Huaersen, Lang fu (China) Wheat beer -technological design, start of production Cooperation with Arthur Andersen &hellip; <a href=\"https:\/\/www.pivopraha.cz\/ru\/ssylka\/\">Continue reading <span class=\"meta-nav\">&rarr;<\/span><\/a><\/p>\n","protected":false},"author":1,"featured_media":0,"parent":0,"menu_order":5,"comment_status":"closed","ping_status":"closed","template":"","meta":{"ngg_post_thumbnail":0,"footnotes":""},"class_list":["post-243","page","type-page","status-publish","hentry"],"_links":{"self":[{"href":"https:\/\/www.pivopraha.cz\/ru\/wp-json\/wp\/v2\/pages\/243","targetHints":{"allow":["GET"]}}],"collection":[{"href":"https:\/\/www.pivopraha.cz\/ru\/wp-json\/wp\/v2\/pages"}],"about":[{"href":"https:\/\/www.pivopraha.cz\/ru\/wp-json\/wp\/v2\/types\/page"}],"author":[{"embeddable":true,"href":"https:\/\/www.pivopraha.cz\/ru\/wp-json\/wp\/v2\/users\/1"}],"replies":[{"embeddable":true,"href":"https:\/\/www.pivopraha.cz\/ru\/wp-json\/wp\/v2\/comments?post=243"}],"version-history":[{"count":2,"href":"https:\/\/www.pivopraha.cz\/ru\/wp-json\/wp\/v2\/pages\/243\/revisions"}],"predecessor-version":[{"id":382,"href":"https:\/\/www.pivopraha.cz\/ru\/wp-json\/wp\/v2\/pages\/243\/revisions\/382"}],"wp:attachment":[{"href":"https:\/\/www.pivopraha.cz\/ru\/wp-json\/wp\/v2\/media?parent=243"}],"curies":[{"name":"wp","href":"https:\/\/api.w.org\/{rel}","templated":true}]}}