{"id":176,"date":"2013-02-11T12:04:45","date_gmt":"2013-02-11T12:04:45","guid":{"rendered":"http:\/\/www.pivopraha.cz\/?page_id=176"},"modified":"2021-01-19T09:56:54","modified_gmt":"2021-01-19T09:56:54","slug":"contacts","status":"publish","type":"page","link":"https:\/\/www.pivopraha.cz\/en\/contacts\/","title":{"rendered":"Contacts"},"content":{"rendered":"<h3>Contact address:<\/h3>\n<p><strong>PIVO Praha, s.r.o.<\/strong><br>Mark\u00e9tsk\u00e1 1<br>169 00 Praha 6 &#8211; B\u0159evnov<br>Czech Republic<\/p>\n<p>Mob: +420 602 885 660<br>Mob: +420 723 025 172<br>E-mail: <a href=\"mailto:pivo@pivopraha.cz\">pivo@pivopraha.cz<\/a><\/p>\n\n\n<iframe loading=\"lazy\" src=\"https:\/\/www.google.com\/maps\/embed?pb=!1m18!1m12!1m3!1d2560.1343687572785!2d14.354570915718138!3d50.08377107942643!2m3!1f0!2f0!3f0!3m2!1i1024!2i768!4f13.1!3m3!1m2!1s0x470b9570b4476c43%3A0xabf5d660a6fbbee2!2zTWFya8OpdHNrw6EgMS8yOCwgMTY5IDAwIFByYWhhIDYtQsWZZXZub3Y!5e0!3m2!1sen!2scz!4v1611050099883!5m2!1sen!2scz\" width=\"420\" height=\"350\" frameborder=\"0\" style=\"border:0;\" allowfullscreen=\"\" aria-hidden=\"false\" tabindex=\"0\"><\/iframe>\n","protected":false},"excerpt":{"rendered":"<p>Contact address: PIVO Praha, s.r.o.Mark\u00e9tsk\u00e1 1169 00 Praha 6 &#8211; B\u0159evnovCzech Republic Mob: +420 602 885 660Mob: +420 723 025 172E-mail: pivo@pivopraha.cz<\/p>\n","protected":false},"author":1,"featured_media":0,"parent":0,"menu_order":7,"comment_status":"closed","ping_status":"closed","template":"","meta":{"ngg_post_thumbnail":0,"footnotes":""},"class_list":["post-176","page","type-page","status-publish","hentry"],"_links":{"self":[{"href":"https:\/\/www.pivopraha.cz\/en\/wp-json\/wp\/v2\/pages\/176","targetHints":{"allow":["GET"]}}],"collection":[{"href":"https:\/\/www.pivopraha.cz\/en\/wp-json\/wp\/v2\/pages"}],"about":[{"href":"https:\/\/www.pivopraha.cz\/en\/wp-json\/wp\/v2\/types\/page"}],"author":[{"embeddable":true,"href":"https:\/\/www.pivopraha.cz\/en\/wp-json\/wp\/v2\/users\/1"}],"replies":[{"embeddable":true,"href":"https:\/\/www.pivopraha.cz\/en\/wp-json\/wp\/v2\/comments?post=176"}],"version-history":[{"count":4,"href":"https:\/\/www.pivopraha.cz\/en\/wp-json\/wp\/v2\/pages\/176\/revisions"}],"predecessor-version":[{"id":561,"href":"https:\/\/www.pivopraha.cz\/en\/wp-json\/wp\/v2\/pages\/176\/revisions\/561"}],"wp:attachment":[{"href":"https:\/\/www.pivopraha.cz\/en\/wp-json\/wp\/v2\/media?parent=176"}],"curies":[{"name":"wp","href":"https:\/\/api.w.org\/{rel}","templated":true}]}}