{"id":172,"date":"2013-02-11T12:04:17","date_gmt":"2013-02-11T12:04:17","guid":{"rendered":"http:\/\/www.pivopraha.cz\/?page_id=172"},"modified":"2014-01-22T11:03:11","modified_gmt":"2014-01-22T11:03:11","slug":"photogallery","status":"publish","type":"page","link":"https:\/\/www.pivopraha.cz\/en\/photogallery\/","title":{"rendered":"Photogallery"},"content":{"rendered":"<h2 class=\"foto\">B\u0159evnovsk\u00fd pivovar<\/h2>\nngg_shortcode_0_placeholder\n<h2 class=\"foto\">\u010cern\u00e1 hora pivovar<\/h2>\nngg_shortcode_1_placeholder\n<h2 class=\"foto\">D\u011btenice pivovar<\/h2>\nngg_shortcode_2_placeholder\n<h2 class=\"foto\">Filip\u00edny<\/h2>\nngg_shortcode_3_placeholder\n<h2 class=\"foto\">Hoavien Hanoi<\/h2>\nngg_shortcode_4_placeholder\n<h2 class=\"foto\">Hoavien HCMC Vietnam<\/h2>\nngg_shortcode_5_placeholder\n<h2 class=\"foto\">Kagoshima Japonsko<\/h2>\nngg_shortcode_6_placeholder\n<h2 class=\"foto\">Kozlovice pivovar<\/h2>\nngg_shortcode_7_placeholder\n<h2 class=\"foto\">Krassnoyarsk Rusko<\/h2>\nngg_shortcode_8_placeholder\n<h2 class=\"foto\">Litovel pokusn\u00fd pivovar<\/h2>\nngg_shortcode_9_placeholder\n<h2 class=\"foto\">Nov\u00e9 Dvory pivovar<\/h2>\nngg_shortcode_10_placeholder\n<h2 class=\"foto\">Ostrava Z\u00e1b\u0159eh<\/h2>\nngg_shortcode_11_placeholder\n<h2 class=\"foto\">Phan Thiet Vietnam<\/h2>\nngg_shortcode_12_placeholder\n<h2 class=\"foto\">Pilsner Urquell<\/h2>\nngg_shortcode_13_placeholder\n<h2 class=\"foto\">Pivovar Bobr<\/h2>\nngg_shortcode_14_placeholder\n<h2 class=\"foto\">Pivovar Glokner<\/h2>\nngg_shortcode_15_placeholder\n<h2 class=\"foto\">Pivovar Groll<\/h2>\nngg_shortcode_16_placeholder\n<h2 class=\"foto\">Pivovar Volary<\/h2>\nngg_shortcode_17_placeholder\n<h2 class=\"foto\">Pivovarsk\u00fd d\u016fm<\/h2>\nngg_shortcode_18_placeholder\n<h2 class=\"foto\">Pivovarsk\u00fd klub<\/h2>\nngg_shortcode_19_placeholder\n<h2 class=\"foto\">\u0160tramberk<\/h2>\nngg_shortcode_20_placeholder\n<h2 class=\"foto\">U Medv\u00eddk\u016f<\/h2>\nngg_shortcode_21_placeholder\n<h2 class=\"foto\">Vimperk<\/h2>\nngg_shortcode_22_placeholder\n<h2 class=\"foto\">V\u0160CHT Praha<\/h2>\nngg_shortcode_23_placeholder\n<h2 class=\"foto\">Zichovec<\/h2>\nngg_shortcode_24_placeholder\n","protected":false},"excerpt":{"rendered":"<p>B\u0159evnovsk\u00fd pivovar \u010cern\u00e1 hora pivovar D\u011btenice pivovar Filip\u00edny Hoavien Hanoi Hoavien HCMC Vietnam Kagoshima Japonsko Kozlovice pivovar Krassnoyarsk Rusko Litovel pokusn\u00fd pivovar Nov\u00e9 Dvory pivovar Ostrava Z\u00e1b\u0159eh Phan Thiet Vietnam Pilsner Urquell Pivovar Bobr Pivovar Glokner Pivovar Groll Pivovar Volary &hellip; <a href=\"https:\/\/www.pivopraha.cz\/en\/photogallery\/\">Continue reading <span class=\"meta-nav\">&rarr;<\/span><\/a><\/p>\n","protected":false},"author":1,"featured_media":0,"parent":0,"menu_order":3,"comment_status":"closed","ping_status":"closed","template":"","meta":{"ngg_post_thumbnail":0,"footnotes":""},"class_list":["post-172","page","type-page","status-publish","hentry"],"_links":{"self":[{"href":"https:\/\/www.pivopraha.cz\/en\/wp-json\/wp\/v2\/pages\/172","targetHints":{"allow":["GET"]}}],"collection":[{"href":"https:\/\/www.pivopraha.cz\/en\/wp-json\/wp\/v2\/pages"}],"about":[{"href":"https:\/\/www.pivopraha.cz\/en\/wp-json\/wp\/v2\/types\/page"}],"author":[{"embeddable":true,"href":"https:\/\/www.pivopraha.cz\/en\/wp-json\/wp\/v2\/users\/1"}],"replies":[{"embeddable":true,"href":"https:\/\/www.pivopraha.cz\/en\/wp-json\/wp\/v2\/comments?post=172"}],"version-history":[{"count":8,"href":"https:\/\/www.pivopraha.cz\/en\/wp-json\/wp\/v2\/pages\/172\/revisions"}],"predecessor-version":[{"id":443,"href":"https:\/\/www.pivopraha.cz\/en\/wp-json\/wp\/v2\/pages\/172\/revisions\/443"}],"wp:attachment":[{"href":"https:\/\/www.pivopraha.cz\/en\/wp-json\/wp\/v2\/media?parent=172"}],"curies":[{"name":"wp","href":"https:\/\/api.w.org\/{rel}","templated":true}]}}